{"id":606,"date":"2023-05-03T19:44:28","date_gmt":"2023-05-03T23:44:28","guid":{"rendered":"https:\/\/gettravelclub.com\/?page_id=606"},"modified":"2025-11-12T20:08:59","modified_gmt":"2025-11-13T00:08:59","slug":"pppd","status":"publish","type":"page","link":"https:\/\/gettravelclub.com\/en\/pppd\/","title":{"rendered":"Privacy and data protection policies"},"content":{"rendered":"<div data-elementor-type=\"wp-page\" data-elementor-id=\"606\" class=\"elementor elementor-606\" data-elementor-post-type=\"page\">\n\t\t\t\t\t\t<section class=\"elementor-section elementor-top-section elementor-element elementor-element-be17ba7 elementor-section-boxed elementor-section-height-default elementor-section-height-default\" data-id=\"be17ba7\" data-element_type=\"section\" data-e-type=\"section\" data-settings=\"{&quot;background_background&quot;:&quot;classic&quot;}\">\n\t\t\t\t\t\t\t<div class=\"elementor-background-overlay\"><\/div>\n\t\t\t\t\t\t\t<div class=\"elementor-container elementor-column-gap-default\">\n\t\t\t\t\t<div class=\"elementor-column elementor-col-100 elementor-top-column elementor-element elementor-element-4ee5b36\" data-id=\"4ee5b36\" data-element_type=\"column\" data-e-type=\"column\">\n\t\t\t<div class=\"elementor-widget-wrap elementor-element-populated\">\n\t\t\t\t\t\t<div class=\"elementor-element elementor-element-b707b08 elementor-widget elementor-widget-heading\" data-id=\"b707b08\" data-element_type=\"widget\" data-e-type=\"widget\" data-widget_type=\"heading.default\">\n\t\t\t\t<div class=\"elementor-widget-container\">\n\t\t\t\t\t<h1 class=\"elementor-heading-title elementor-size-default\">Privacy and data protection policies<\/h1>\t\t\t\t<\/div>\n\t\t\t\t<\/div>\n\t\t\t\t\t<\/div>\n\t\t<\/div>\n\t\t\t\t\t<\/div>\n\t\t<\/section>\n\t\t\t\t<section class=\"elementor-section elementor-top-section elementor-element elementor-element-70947b2 elementor-section-boxed elementor-section-height-default elementor-section-height-default\" data-id=\"70947b2\" data-element_type=\"section\" data-e-type=\"section\">\n\t\t\t\t\t\t<div class=\"elementor-container elementor-column-gap-default\">\n\t\t\t\t\t<div class=\"elementor-column elementor-col-100 elementor-top-column elementor-element elementor-element-11ea8fa\" data-id=\"11ea8fa\" data-element_type=\"column\" data-e-type=\"column\">\n\t\t\t<div class=\"elementor-widget-wrap elementor-element-populated\">\n\t\t\t\t\t\t<div class=\"elementor-element elementor-element-6973ad1 elementor-widget elementor-widget-text-editor\" data-id=\"6973ad1\" data-element_type=\"widget\" data-e-type=\"widget\" data-widget_type=\"text-editor.default\">\n\t\t\t\t<div class=\"elementor-widget-container\">\n\t\t\t\t\t\t\t\t\t<p><span style=\"color: #000000;\">\u00a0<\/span><\/p><p><span style=\"color: #000000;\"><strong>\ud835\udc13\ud835\udc2b\ud835\udc1a\ud835\udc2f\ud835\udc1e\ud835\udc25 <\/strong>Club through the management of <strong>www.gettravelclub.com<\/strong> aims to offer the User unique experiences through its travel proposals.<\/span><\/p><p><span style=\"color: #000000;\">Based on this objective and on the most demanding criteria of confidentiality and transparency, this Privacy and Data Protection Policy (hereinafter \"PPPD\") is aimed at providing you with all the information you need to understand the scope and purpose of data processing so that your acceptance, absolutely necessary to be able to access and use the website, is based on fully informed knowledge, according to the criteria set out in REGULATION (EU) 2016\/679 OF THE EUROPEAN PARLIAMENT AND OF THE COUNCIL of 27 April 2016 on the protection of natural persons with regard to the processing of personal data and on the free movement of such data and repealing Directive 95\/46\/EC (General Data Protection Regulation) (hereinafter \"GDPR\") and other applicable regulations.<\/span><\/p><p><span style=\"color: #000000;\"><strong>DEFINITIONS<\/strong><\/span><\/p><ul><li><span style=\"color: #000000;\"><strong>\"User\"<\/strong>: Natural or legal person, public or private, who accesses and uses the website, either by registering or without such registration.<\/span><\/li><li><span style=\"color: #000000;\"><strong>\"Registered user\"<\/strong>: Natural person who accesses and uses the web site having created a User Account.<\/span><\/li><li><span style=\"color: #000000;\"><strong>\"Data Controller\"<\/strong>: natural or legal person, of a public or private nature or administrative body, who decides on the purpose, content and use of the data to be processed.<\/span><\/li><li><span style=\"color: #000000;\"><strong>\"Data Processor\"<\/strong>: The natural or legal person, public authority, service or any other body which, alone or jointly with others, processes personal data on behalf of the controller.<\/span><\/li><li><span style=\"color: #000000;\"><strong>\"Personal Data\"<\/strong>: Any information concerning identified or identifiable natural persons.<\/span><\/li><\/ul><p><span style=\"color: #000000;\"><strong>HOW DOES PUNTA CANA LOCAL EXPERIENCES PROCESS PERSONAL DATA?<\/strong><\/span><\/p><ol><li><span style=\"color: #000000;\"><strong>What personal data are processed?<\/strong><\/span><\/li><\/ol><p><span style=\"color: #000000;\">In order to be able to provide its services correctly and for the User to make the most of the website, it requires a series of personal data that could be collected directly from you (registration or update forms, publications, offer or receipt of reservations, payments, when you simply send us an e-mail or call us by phone, photographs, etc.), indirectly through your registration on the website or through the use of technological tools (cookies, plugins, widgets, etc.).<\/span><\/p><p><span style=\"color: #000000;\">To the usual personal data included in the forms (name, address, dates of stay, credit card, etc.) are added data that, although digital, are still personal data (IPs, origin of links used to access the web, preferences, marketing...\u00a0<strong>Cookies, Plugins and other tracking technologies).<\/strong><\/span><\/p><p><span style=\"color: #000000;\">\ud835\udc13\ud835\udc2b\ud835\udc1a\ud835\udc2f\ud835\udc1e\ud835\udc25 Club reminds you that it does not store your credit card data, but simply that information necessary for the correct management of the services contracted by the User.<\/span><\/p><ol start=\"2\"><li><span style=\"color: #000000;\"><strong>How do we use personal data?<\/strong><\/span><\/li><\/ol><p><span style=\"color: #000000;\">The main purpose of the processing of personal data is the management and proper fulfillment of the contract between the user and \ud835\udc13\ud835\udc2b\ud835\udc1a\ud835\udc2f\ud835\udc1e\ud835\udc25 Club, including, as far as possible, means for the resolution of disputes between the two.<\/span><\/p><p><span style=\"color: #000000;\">purposes for which your data is used are as follows:<\/span><\/p><ul><li><span style=\"color: #000000;\">To ensure that the Web content is tailored to your needs and those of your team.<\/span><\/li><li><span style=\"color: #000000;\">For the fulfillment, maintenance, development, control and improvement of the relationships that, if any, it maintains with \ud835\udc13\ud835\udc2b\ud835\udc1a\ud835\udc2f\ud835\udc1e\ud835\udc25 Club.<\/span><\/li><li><span style=\"color: #000000;\">To formalize their contracts.<\/span><\/li><\/ul><p><span style=\"color: #000000;\">To inform you of any changes in our service. The use of your data for these purposes is based on the execution of the contract that, in each case, you sign with \ud835\udc13\ud835\udc2b\ud835\udc1a\ud835\udc2f\ud835\udc1e\ud835\udc25 Club.<\/span><\/p><ul><li><span style=\"color: #000000;\">For fraud prevention and security maintenance, compliance with any applicable regulations.<\/span><\/li><li><span style=\"color: #000000;\">In case you give us your consent, to manage your request for information as well as to send you commercial communications about our products and services. This consent may be revoked at any time in accordance with the provisions of paragraph 4.1.<\/span><\/li><\/ul><ol start=\"3\"><li><span style=\"color: #000000;\"><strong>Who are the recipients of the personal data?<\/strong><\/span><\/li><\/ol><p><span style=\"color: #000000;\">Your information will be disclosed internally to those teams that need it to provide the service you have requested or the processing you have previously consented to. For these purposes, your information may be disclosed to the customer service department, the legal department, the financial department, the sales teams and\/or the marketing department.<\/span><\/p><p><span style=\"color: #000000;\">Your data will not be communicated to third parties, except in the following cases:<\/span><\/p><ul><li><span style=\"color: #000000;\">In the event that you have given your consent for the communication of your data.<\/span><\/li><li><span style=\"color: #000000;\">If we are under a duty to disclose or share your personal data in order to comply with any legal obligation, or to protect the rights, property, or safety of \ud835\udc13\ud835\udc2b\ud835\udc1a\ud835\udc2f\ud835\udc1e\ud835\udc25 Club, our customers, or others. This includes exchanging information with other companies and organizations for the purposes of fraud protection and credit risk reduction.<\/span><\/li><li><span style=\"color: #000000;\">By provision of law, regulation or by virtue of a decision of a competent authority, judicial or regulatory or, if necessary, in order to preserve their rights and interests.<\/span><\/li><\/ul><p><span style=\"color: #000000;\">Your data will also be accessible to third parties who provide services to us to the extent that such access is necessary for the processing of your data. In particular, such third parties include providers of payment processing services, data analysis services, tourism services, marketing services.<\/span><\/p><ol start=\"4\"><li><span style=\"color: #000000;\"><strong>User Rights.<\/strong><\/span><\/li><\/ol><p><span style=\"color: #000000;\">Under the Data Protection Act 2018, you have the right to know what information the government and other organizations store about you. These include the right to: be informed about how your data is used, access personal data, have incorrect data updated, have data erased, stop or restrict the processing of your data, data portability (allowing you to obtain and re-use your data for different services), object to the processing of your data in certain circumstances.<\/span><\/p><p><span style=\"color: #000000;\">You also have rights when an organization uses your personal data for: automated decision making processes (without human participation)<\/span><br \/><span style=\"color: #000000;\">profiling, for example to predict their behavior or interests.<\/span><\/p><ol start=\"5\"><li><span style=\"color: #000000;\"><strong>Data Retention<\/strong><\/span><\/li><\/ol><p><span style=\"color: #000000;\">The data will be retained by \ud835\udc13\ud835\udc2b\ud835\udc1a\ud835\udc2f\ud835\udc1e\ud835\udc25 Club:<\/span><\/p><ul><li><span style=\"color: #000000;\">During the period in which they are necessary for the provision of the services requested by the User;<\/span><\/li><li><span style=\"color: #000000;\">As long as they are necessary for the performance of a contract or the fulfillment of legal obligations.<\/span><\/li><li><span style=\"color: #000000;\">To the extent that you do not revoke the consent given.<\/span><\/li><\/ul><ol start=\"6\"><li><span style=\"color: #000000;\"><strong>PPPD modifications.<\/strong><\/span><\/li><\/ol><p><span style=\"color: #000000;\">\ud835\udc13\ud835\udc2b\ud835\udc1a\ud835\udc2f\ud835\udc1e\ud835\udc25 Club reserves the right to unilaterally modify this privacy policy, without prior notice.<\/span><\/p><p><span style=\"color: #000000;\">However, in the event of substantial changes, Users will be informed by e-mail of the existence of such modification.<\/span><\/p><p><span style=\"color: #000000;\"><strong>ACQUISITION OF PRODUCTS AND SERVICES<\/strong><\/span><\/p><p><span style=\"color: #000000;\">Through our website, the User has access to information about our products and services related to All-Inclusive Vacation Certificates.<\/span><\/p><p><span style=\"color: #000000;\">The sale to the User of such Vacation Certificates will be carried out by \ud835\udc13\ud835\udc2b\ud835\udc1a\ud835\udc2f\ud835\udc1e\ud835\udc25 Club, an agency that has the necessary permits and licenses for the development of its activity.<\/span><\/p>\t\t\t\t\t\t\t\t<\/div>\n\t\t\t\t<\/div>\n\t\t\t\t\t<\/div>\n\t\t<\/div>\n\t\t\t\t\t<\/div>\n\t\t<\/section>\n\t\t\t\t<section class=\"elementor-section elementor-top-section elementor-element elementor-element-371c7166 elementor-section-boxed elementor-section-height-default elementor-section-height-default\" data-id=\"371c7166\" data-element_type=\"section\" data-e-type=\"section\" data-settings=\"{&quot;background_background&quot;:&quot;classic&quot;}\">\n\t\t\t\t\t\t\t<div class=\"elementor-background-overlay\"><\/div>\n\t\t\t\t\t\t\t<div class=\"elementor-container elementor-column-gap-no\">\n\t\t\t\t\t<div class=\"elementor-column elementor-col-100 elementor-top-column elementor-element elementor-element-1a3cbe7a\" data-id=\"1a3cbe7a\" data-element_type=\"column\" data-e-type=\"column\">\n\t\t\t<div class=\"elementor-widget-wrap elementor-element-populated\">\n\t\t\t\t\t\t<div class=\"elementor-element elementor-element-494e7d12 elementor-widget elementor-widget-heading\" data-id=\"494e7d12\" data-element_type=\"widget\" data-e-type=\"widget\" data-widget_type=\"heading.default\">\n\t\t\t\t<div class=\"elementor-widget-container\">\n\t\t\t\t\t<h2 class=\"elementor-heading-title elementor-size-default\">Plan an unforgettable experience at Tan Resorts Marina Cap Cana today!\n<\/h2>\t\t\t\t<\/div>\n\t\t\t\t<\/div>\n\t\t\t\t<div class=\"elementor-element elementor-element-64557390 elementor-widget elementor-widget-heading\" data-id=\"64557390\" data-element_type=\"widget\" data-e-type=\"widget\" data-widget_type=\"heading.default\">\n\t\t\t\t<div class=\"elementor-widget-container\">\n\t\t\t\t\t<p class=\"elementor-heading-title elementor-size-default\">Get in touch now, our agents are waiting!<\/p>\t\t\t\t<\/div>\n\t\t\t\t<\/div>\n\t\t\t\t<div class=\"elementor-element elementor-element-725d64ba elementor-align-center elementor-icon-list--layout-inline elementor-list-item-link-full_width elementor-widget elementor-widget-icon-list\" data-id=\"725d64ba\" data-element_type=\"widget\" data-e-type=\"widget\" data-widget_type=\"icon-list.default\">\n\t\t\t\t<div class=\"elementor-widget-container\">\n\t\t\t\t\t\t\t<ul class=\"elementor-icon-list-items elementor-inline-items\">\n\t\t\t\t\t\t\t<li class=\"elementor-icon-list-item elementor-inline-item\">\n\t\t\t\t\t\t\t\t\t\t\t<a href=\"https:\/\/wa.link\/moxqs0\">\n\n\t\t\t\t\t\t\t\t\t\t\t\t<span class=\"elementor-icon-list-icon\">\n\t\t\t\t\t\t\t<i aria-hidden=\"true\" class=\"fab fa-whatsapp\"><\/i>\t\t\t\t\t\t<\/span>\n\t\t\t\t\t\t\t\t\t\t<span class=\"elementor-icon-list-text\">Wa\ud835\udc13\ud835\udc2b\ud835\udc1a\ud835\udc2f\ud835\udc1e\ud835\udc25Club <\/span>\n\t\t\t\t\t\t\t\t\t\t\t<\/a>\n\t\t\t\t\t\t\t\t\t<\/li>\n\t\t\t\t\t\t<\/ul>\n\t\t\t\t\t\t<\/div>\n\t\t\t\t<\/div>\n\t\t\t\t<div class=\"elementor-element elementor-element-75c0af1 elementor-shape-circle elementor-grid-0 e-grid-align-center elementor-widget elementor-widget-social-icons\" data-id=\"75c0af1\" data-element_type=\"widget\" data-e-type=\"widget\" data-widget_type=\"social-icons.default\">\n\t\t\t\t<div class=\"elementor-widget-container\">\n\t\t\t\t\t\t\t<div class=\"elementor-social-icons-wrapper elementor-grid\" role=\"list\">\n\t\t\t\t\t\t\t<span class=\"elementor-grid-item\" role=\"listitem\">\n\t\t\t\t\t<a class=\"elementor-icon elementor-social-icon elementor-social-icon-facebook elementor-repeater-item-5601537\" href=\"https:\/\/www.facebook.com\/gettravelclubget\" target=\"_blank\">\n\t\t\t\t\t\t<span class=\"elementor-screen-only\">Facebook<\/span>\n\t\t\t\t\t\t<i aria-hidden=\"true\" class=\"fab fa-facebook\"><\/i>\t\t\t\t\t<\/a>\n\t\t\t\t<\/span>\n\t\t\t\t\t\t\t<span class=\"elementor-grid-item\" role=\"listitem\">\n\t\t\t\t\t<a class=\"elementor-icon elementor-social-icon elementor-social-icon-instagram elementor-repeater-item-20022cb\" href=\"https:\/\/instagram.com\/gettravelclub\" target=\"_blank\">\n\t\t\t\t\t\t<span class=\"elementor-screen-only\">Instagram<\/span>\n\t\t\t\t\t\t<i aria-hidden=\"true\" class=\"fab fa-instagram\"><\/i>\t\t\t\t\t<\/a>\n\t\t\t\t<\/span>\n\t\t\t\t\t\t\t<span class=\"elementor-grid-item\" role=\"listitem\">\n\t\t\t\t\t<a class=\"elementor-icon elementor-social-icon elementor-social-icon-tiktok elementor-repeater-item-054c8b5\" href=\"https:\/\/tiktok.com\/@gettravelclub\" target=\"_blank\">\n\t\t\t\t\t\t<span class=\"elementor-screen-only\">Tiktok<\/span>\n\t\t\t\t\t\t<i aria-hidden=\"true\" class=\"fab fa-tiktok\"><\/i>\t\t\t\t\t<\/a>\n\t\t\t\t<\/span>\n\t\t\t\t\t\t\t<span class=\"elementor-grid-item\" role=\"listitem\">\n\t\t\t\t\t<a class=\"elementor-icon elementor-social-icon elementor-social-icon-youtube elementor-repeater-item-abc3d9b\" href=\"https:\/\/youtube.com\/@gettravelclub\" target=\"_blank\">\n\t\t\t\t\t\t<span class=\"elementor-screen-only\">Youtube<\/span>\n\t\t\t\t\t\t<i aria-hidden=\"true\" class=\"fab fa-youtube\"><\/i>\t\t\t\t\t<\/a>\n\t\t\t\t<\/span>\n\t\t\t\t\t<\/div>\n\t\t\t\t\t\t<\/div>\n\t\t\t\t<\/div>\n\t\t\t\t<div class=\"elementor-element elementor-element-fef9c89 elementor-widget elementor-widget-heading\" data-id=\"fef9c89\" data-element_type=\"widget\" data-e-type=\"widget\" data-widget_type=\"heading.default\">\n\t\t\t\t<div class=\"elementor-widget-container\">\n\t\t\t\t\t<p class=\"elementor-heading-title elementor-size-default\">THIS ADVERTISING MATERIAL IS USED TO PROMOTE VACATION OWNERSHIP PROPERTIES AS WELL AS PARTICIPATION IN PROGRAMS THAT PROMOTE VACATION OWNERSHIP.<\/p>\t\t\t\t<\/div>\n\t\t\t\t<\/div>\n\t\t\t\t\t<\/div>\n\t\t<\/div>\n\t\t\t\t\t<\/div>\n\t\t<\/section>\n\t\t\t\t<\/div>","protected":false},"excerpt":{"rendered":"<p>Pol\u00edticas de privacidad y protecci\u00f3n de datos \u00a0 \ud835\udc13\ud835\udc2b\ud835\udc1a\ud835\udc2f\ud835\udc1e\ud835\udc25 Club a trav\u00e9s de la gesti\u00f3n de www.gettravelclub.com tiene como objeto ofrecer al Usuario experiencias \u00fanicas mediante sus propuestas de viajes. Basada en ese objetivo y en los criterios m\u00e1s exigentes de confidencialidad y transparencia, la presente Pol\u00edtica de Privacidad y Protecci\u00f3n de Datos (en adelante, [&hellip;]<\/p>\n","protected":false},"author":1,"featured_media":0,"parent":0,"menu_order":0,"comment_status":"closed","ping_status":"closed","template":"","meta":{"site-sidebar-layout":"no-sidebar","site-content-layout":"page-builder","ast-site-content-layout":"default","site-content-style":"default","site-sidebar-style":"default","ast-global-header-display":"","ast-banner-title-visibility":"","ast-main-header-display":"","ast-hfb-above-header-display":"","ast-hfb-below-header-display":"","ast-hfb-mobile-header-display":"","site-post-title":"disabled","ast-breadcrumbs-content":"","ast-featured-img":"disabled","footer-sml-layout":"","ast-disable-related-posts":"","theme-transparent-header-meta":"enabled","adv-header-id-meta":"","stick-header-meta":"","header-above-stick-meta":"","header-main-stick-meta":"","header-below-stick-meta":"","astra-migrate-meta-layouts":"default","ast-page-background-enabled":"default","ast-page-background-meta":{"desktop":{"background-color":"","background-image":"","background-repeat":"repeat","background-position":"center center","background-size":"auto","background-attachment":"scroll","background-type":"","background-media":"","overlay-type":"","overlay-color":"","overlay-opacity":"","overlay-gradient":""},"tablet":{"background-color":"","background-image":"","background-repeat":"repeat","background-position":"center center","background-size":"auto","background-attachment":"scroll","background-type":"","background-media":"","overlay-type":"","overlay-color":"","overlay-opacity":"","overlay-gradient":""},"mobile":{"background-color":"","background-image":"","background-repeat":"repeat","background-position":"center center","background-size":"auto","background-attachment":"scroll","background-type":"","background-media":"","overlay-type":"","overlay-color":"","overlay-opacity":"","overlay-gradient":""}},"ast-content-background-meta":{"desktop":{"background-color":"var(--ast-global-color-5)","background-image":"","background-repeat":"repeat","background-position":"center center","background-size":"auto","background-attachment":"scroll","background-type":"","background-media":"","overlay-type":"","overlay-color":"","overlay-opacity":"","overlay-gradient":""},"tablet":{"background-color":"var(--ast-global-color-5)","background-image":"","background-repeat":"repeat","background-position":"center center","background-size":"auto","background-attachment":"scroll","background-type":"","background-media":"","overlay-type":"","overlay-color":"","overlay-opacity":"","overlay-gradient":""},"mobile":{"background-color":"var(--ast-global-color-5)","background-image":"","background-repeat":"repeat","background-position":"center center","background-size":"auto","background-attachment":"scroll","background-type":"","background-media":"","overlay-type":"","overlay-color":"","overlay-opacity":"","overlay-gradient":""}},"footnotes":""},"wf_page_folders":[33],"class_list":["post-606","page","type-page","status-publish","hentry"],"_links":{"self":[{"href":"https:\/\/gettravelclub.com\/en\/wp-json\/wp\/v2\/pages\/606","targetHints":{"allow":["GET"]}}],"collection":[{"href":"https:\/\/gettravelclub.com\/en\/wp-json\/wp\/v2\/pages"}],"about":[{"href":"https:\/\/gettravelclub.com\/en\/wp-json\/wp\/v2\/types\/page"}],"author":[{"embeddable":true,"href":"https:\/\/gettravelclub.com\/en\/wp-json\/wp\/v2\/users\/1"}],"replies":[{"embeddable":true,"href":"https:\/\/gettravelclub.com\/en\/wp-json\/wp\/v2\/comments?post=606"}],"version-history":[{"count":61,"href":"https:\/\/gettravelclub.com\/en\/wp-json\/wp\/v2\/pages\/606\/revisions"}],"predecessor-version":[{"id":3678,"href":"https:\/\/gettravelclub.com\/en\/wp-json\/wp\/v2\/pages\/606\/revisions\/3678"}],"wp:attachment":[{"href":"https:\/\/gettravelclub.com\/en\/wp-json\/wp\/v2\/media?parent=606"}],"wp:term":[{"taxonomy":"wf_page_folders","embeddable":true,"href":"https:\/\/gettravelclub.com\/en\/wp-json\/wp\/v2\/wf_page_folders?post=606"}],"curies":[{"name":"wp","href":"https:\/\/api.w.org\/{rel}","templated":true}]}}