{"id":601,"date":"2023-05-03T19:34:24","date_gmt":"2023-05-03T18:34:24","guid":{"rendered":"https:\/\/gettravelclub.com\/?page_id=601"},"modified":"2025-11-12T19:56:37","modified_gmt":"2025-11-12T23:56:37","slug":"tc","status":"publish","type":"page","link":"https:\/\/gettravelclub.com\/en\/tc\/","title":{"rendered":"Terms and Conditions"},"content":{"rendered":"<div data-elementor-type=\"wp-page\" data-elementor-id=\"601\" class=\"elementor elementor-601\" data-elementor-post-type=\"page\">\n\t\t\t\t\t\t<section class=\"elementor-section elementor-top-section elementor-element elementor-element-be17ba7 elementor-section-boxed elementor-section-height-default elementor-section-height-default\" data-id=\"be17ba7\" data-element_type=\"section\" data-e-type=\"section\" data-settings=\"{&quot;background_background&quot;:&quot;classic&quot;}\">\n\t\t\t\t\t\t\t<div class=\"elementor-background-overlay\"><\/div>\n\t\t\t\t\t\t\t<div class=\"elementor-container elementor-column-gap-default\">\n\t\t\t\t\t<div class=\"elementor-column elementor-col-100 elementor-top-column elementor-element elementor-element-4ee5b36\" data-id=\"4ee5b36\" data-element_type=\"column\" data-e-type=\"column\">\n\t\t\t<div class=\"elementor-widget-wrap elementor-element-populated\">\n\t\t\t\t\t\t<div class=\"elementor-element elementor-element-b707b08 elementor-widget elementor-widget-heading\" data-id=\"b707b08\" data-element_type=\"widget\" data-e-type=\"widget\" data-widget_type=\"heading.default\">\n\t\t\t\t<div class=\"elementor-widget-container\">\n\t\t\t\t\t<h1 class=\"elementor-heading-title elementor-size-default\">Terms and Conditions<\/h1>\t\t\t\t<\/div>\n\t\t\t\t<\/div>\n\t\t\t\t\t<\/div>\n\t\t<\/div>\n\t\t\t\t\t<\/div>\n\t\t<\/section>\n\t\t\t\t<section class=\"elementor-section elementor-top-section elementor-element elementor-element-70947b2 elementor-section-boxed elementor-section-height-default elementor-section-height-default\" data-id=\"70947b2\" data-element_type=\"section\" data-e-type=\"section\">\n\t\t\t\t\t\t<div class=\"elementor-container elementor-column-gap-default\">\n\t\t\t\t\t<div class=\"elementor-column elementor-col-100 elementor-top-column elementor-element elementor-element-11ea8fa\" data-id=\"11ea8fa\" data-element_type=\"column\" data-e-type=\"column\">\n\t\t\t<div class=\"elementor-widget-wrap elementor-element-populated\">\n\t\t\t\t\t\t<div class=\"elementor-element elementor-element-6973ad1 elementor-widget elementor-widget-text-editor\" data-id=\"6973ad1\" data-element_type=\"widget\" data-e-type=\"widget\" data-widget_type=\"text-editor.default\">\n\t\t\t\t<div class=\"elementor-widget-container\">\n\t\t\t\t\t\t\t\t\t<p><span style=\"color: #000000;\">\u00a0<\/span><\/p><p><span style=\"color: #000000;\">- This is a subsidized Commercial Marketing Program for the Dominican Republic and is not valid for those countries where it is prohibited by law.<\/span><\/p><p><span style=\"color: #000000;\">- We will always be willing to provide a tour of the vacation projects we represent to all persons, however, the beneficiary of this Vacation Certificate must meet the following requirements in order to receive the benefits provided by this certificate:<\/span><\/p><p><span style=\"color: #000000;\">- This promotion is intended for people between thirty (30) and seventy (70) years of age, married or in a domestic partnership, couples must attend and complete the presentation at the same time, the beneficiary(ies) must show at least two photo IDs, a driver's license and be in possession of a valid international credit card.<strong>.<\/strong><\/span><\/p><p><span style=\"color: #000000;\">- Promotion valid only for Canada, United States, Puerto Rico, Ecuador, Peru, Bolivia, Chile and Uruguay.<\/span><\/p><p><span style=\"color: #000000;\">\u2013 It is essential to complete the 90-minute sales presentation at the Tan Resorts Marina Cap Cana hotel the day after your arrival, as well as to meet the criteria established for it. Otherwise, you will have to pay \ud835\udc13\ud835\udc2b\ud835\udc1a\ud835\udc2f\ud835\udc1e\ud835\udc25 Club the total discounted value for this promotion on our website.<\/span><\/p><p><span style=\"color: #000000;\">- The holder of this Vacation Certificate must pay a $35.00 USD per room\/night resort fee upon arrival at the hotel.<\/span><\/p><p><span style=\"color: #000000;\">- This Vacation Certificate cannot be used in conjunction with any other offer.<\/span><\/p><p><span style=\"color: #000000;\">- This Vacation Certificate must be used within the first twelve months of its purchase, it may be extended for an additional 6 months for an additional $297.00 USD at the end of its validity.<\/span><\/p><p><span style=\"color: #000000;\">- This Vacation Certificate is transferable as long as the new beneficiary complies with the terms and conditions herein and pays an additional fee of $347.00 USD. <b><\/b><\/span><\/p><p><span style=\"color: #000000;\">- If you do not meet these requirements and have received any gifts or accommodations, you will be charged the verifiable commercial value of such gifts and\/or accommodations (up to A MAXIMUM OF $297.00 USD per night per person, depending on the travel season, day and date of check-in) plus all applicable taxes, less any payments made by you.<\/span><\/p><p><span style=\"color: #000000;\">- A photo ID is required as well as a personal Visa, MasterCard, American Express or Discovery Credit Card to register in case of incidental expenses during your stay.<\/span><\/p><p><span style=\"color: #000000;\">- Accommodations are offered on a space available basis at the Tan Resorts Marina Cap Cana Hotel.<\/span><\/p><p><span style=\"color: #000000;\">- Transportation costs, tips, meals outside the hotel and incidental expenses incurred by the beneficiary and his\/her companions are not included.<\/span><\/p><p><span style=\"color: #000000;\">- Only the promises written in these terms and conditions and those of the websites, apps and companies associated with \ud835\udc13\ud835\udc2b\ud835\udc1a\ud835\udc2f\ud835\udc1e\ud835\udc25 Club will be valid. It is the user's responsibility to verify the specific terms and conditions of each offer before making any transaction.<\/span><\/p><p><span style=\"color: #000000;\">- \ud835\udc13\ud835\udc2b\ud835\udc1a\ud835\udc2f\ud835\udc1e\ud835\udc25 Club shall not assume any liability arising from losses, cancellation costs, accidents, injuries (Including death), damage to persons or property arising out of or in conjunction with any services provided as part of this Vacation Certificate by hotels, tourist attractions, transportation or products thereof.<\/span><\/p><p><span style=\"color: #000000;\">- All operators, including airlines, hotels, car rental companies and attractions are independent service contractor providers, each having obligations and limitations with respect to the service they provide.<\/span><\/p><p><span style=\"color: #000000;\">- \ud835\udc13\ud835\udc2b\ud835\udc1a\ud835\udc2f\ud835\udc1e\ud835\udc25 Club shall not be liable for cancellations or interruptions due to acts of nature, strikes, terrorism or natural disasters.<\/span><\/p><p><span style=\"color: #000000;\"><strong>PARA<\/strong> <strong>CHECK AVAILABILITY AND RESERVATIONS<\/strong>\u00a0<\/span><\/p><p><span style=\"color: #000000;\">- Checking availability is a 100% free service.<\/span><\/p><p><span style=\"color: #000000;\">- To verify availability dates you must fill out an automated form through WhatsApp with your personal data and possible dates for your trip, then send it through the same way for verification.<\/span><\/p><p><span style=\"color: #000000;\">- Our response time is 2-72 business hours.<\/span><\/p><p><span style=\"color: #000000;\">(At the time of booking your travel dates you will be assigned a confirmation number that will be sent to you via WhatsApp. From that moment on your confirmation number must be used for any matter related to your reservation. Receipt of the reservation number constitutes a confirmed reservation).<\/span><\/p><p><span style=\"color: #000000;\"><strong style=\"font-size: 14px;\">UNDERSTANDING<\/strong><\/span><\/p><p><span style=\"color: #000000;\">- I\/We are over 30 years of age and under 75 years of a<\/span><\/p><p><span style=\"color: #000000;\">- I\/We understand that to make use of this promotional offer we must present an official photo ID (passport, driver's license, etc.) and a good and valid international credit card (Visa, MasterCard, Discovery, American Express).<\/span><\/p><p><span style=\"color: #000000;\">- I\/We understand and consent under the Fair Credit Reporting Act, that we authorize \ud835\udc13\ud835\udc2b\ud835\udc1a\ud835\udc2f\ud835\udc1e\ud835\udc25 Club to obtain information from our personal credit profile or other information from Experian. You authorized us to obtain such information solely to perform a pre-qualification. This is not an application for credit and will not affect your credit score (This applies to U.S. citizens and residents only).<\/span><\/p><p><span style=\"color: #000000;\">- I\/We understand and consent, after clicking on the Check Availability button, to receive sales and marketing calls and messages from <strong>\ud835\udc13\ud835\udc2b\ud835\udc1a\ud835\udc2f\ud835\udc1e\ud835\udc25<\/strong> Club, including prerecorded messages and text messages, from <strong>\ud835\udc13\ud835\udc2b\ud835\udc1a\ud835\udc2f\ud835\udc1e\ud835\udc25<\/strong> Club and its members at the numbers provided, for offers and services. I understand that it is not a requirement to purchase with \ud835\udc13\ud835\udc2b\ud835\udc1a\ud835\udc2f\ud835\udc1e\ud835\udc25 Club.<\/span><\/p><p><span style=\"color: #000000;\">- I\/We understand and agree that, in order to take advantage of this Vacation Offer, it is necessary to attend a presentation, the following day of our arrival, lasting 90 minutes after breakfast or lunch, from the official Tan Resorts Marina Cap Cana Travel Club.<\/span><\/p><p><span style=\"color: #000000;\">- If married or common-law, both parties must attend the presentation together.<\/span><\/p><p><span style=\"color: #000000;\">- Any additional guest over 12 years of age will incur a nightly upgrade charge, which must be paid at the Tan Resorts Marina Cap Cana Hotel lobby as an <a style=\"color: #000000;\" href=\"https:\/\/gettravelclub.com\/en\/mejoras\/\"><em><strong>UPGRADE.<\/strong><\/em><\/a><\/span><\/p><p><span style=\"color: #000000;\">\u00a0- I\/We understand that this Subsidized Promotional Offer includes: Five (5) days and Four (4) nights of Lodging at the Tan resorts Marina Cap Cana Hotel, in Standard All Inclusive Plan, for up to two (2) Adults and two (2) Children under thirteen years of age, traveling together with a single family nucleus (Parents and children). Lodging will be provided in standard rooms with double beds. DOES NOT INCLUDE AIRLINE TICKETS OR TRANSPORTATION TO THE HOTEL.<\/span><\/p><p><span style=\"color: #000000;\">- I\/We understand and agree that all transportation costs, incidental hotel charges, meals outside the hotel and gratuities are my\/our responsibility.<\/span><\/p><p><span style=\"color: #000000;\">- Reservations are subject to availability.\u00a0<\/span><\/p><p><span style=\"color: #000000;\"><strong style=\"font-size: 14px;\">AFFILIATES AND COLLABORATORS: this information only applies to affiliates and other collaborators.<\/strong><\/span><\/p><p><span style=\"color: #000000;\"><strong>Confidentiality agreement:<\/strong><\/span><\/p><p><span style=\"color: #000000;\">The parties agree to maintain strict CONFIDENTIALITY for a period of not less than 5 years, on all information provided by \ud835\udc13\ud835\udc2b\ud835\udc1a\ud835\udc2f\ud835\udc1e\ud835\udc25 Club to the Collaborator\/Referrer and vice versa. This includes Client listings and all information provided in physical, digital or verbal form, in reference to digital marketing materials, sales strategies and publications created by \ud835\udc13\ud835\udc2b\ud835\udc1a\ud835\udc2f\ud835\udc1e\ud835\udc25 Club.<\/span><br \/><span style=\"color: #000000;\">Non-compliance by the Contributor\/Referrer entitles \ud835\udc13\ud835\udc2b\ud835\udc1a\ud835\udc2f\ud835\udc1e\ud835\udc25 Club to take all relevant legal actions available to it.<\/span><\/p><p><span style=\"color: #000000;\"><b>Policies for the promotion and sale of products created by \ud835\udc13\ud835\udc2b\ud835\udc1a\ud835\udc2f\ud835\udc1e\ud835\udc25<\/b>\u00a0Club<b>:<\/b><\/span><\/p><p><span style=\"color: #000000;\">The total knowledge of our products is fundamental for its promotion and sale, the objective is to be able to provide the necessary and precise information so that our clients feel the tranquility at the time of acquiring our services and products. Any cancellation or penalty for ignorance, both of the processes as well as the specific information of the product will incur a fault on the part of the affiliate, the same will be penalized with the deduction of the value equal to $200 USD plus the cost of such transactions made by \ud835\udc13\ud835\udc2b\ud835\udc1a\ud835\udc2f\ud835\udc1e\ud835\udc25 Club.<\/span><\/p><p><span style=\"color: #000000;\">It is strictly prohibited to SPAM in groups, in posts on any group, page, event, application on any of META's products (Facebook, Instagram and WhatsApp,) or Google (YouTube), LinkedIn, Tick Tock, Twitter, Blogs or any event linked to such demand generation platforms or any other platform that may generate leads for \ud835\udc13\ud835\udc2b\ud835\udc1a\ud835\udc2f\ud835\udc1e\ud835\udc25 Club.<\/span><\/p><p><span style=\"color: #000000;\">For questions about what to do and ethical practices, please write to us at <strong>info@gettravelclub.com<\/strong><\/span><\/p><p><span style=\"font-size: 14px; color: #000000;\">Advertisements with erroneous information that violate the community standards of the demand generation platforms we rely on to promote and sell our products and services will be sanctioned with the immediate cancellation of the affiliate's account. Advertisements must not include content that exploits emergency situations or controversial political or social issues for commercial purposes.<\/span><\/p><p><span style=\"color: #000000;\">- Learn more about Facebook's community standards, click <em><a style=\"color: #000000;\" href=\"https:\/\/www.facebook.com\/policies\/ads\/\">HERE<\/a><\/em><\/span><\/p><p><span style=\"color: #000000;\">- Learn more about Facebook's community standards, click <em><a style=\"color: #000000;\" href=\"https:\/\/support.google.com\/adspolicy\/answer\/6008942?hl=es\">HERE<\/a><\/em><\/span><\/p><p><span style=\"color: #000000;\"><strong>Commission payment policy:<\/strong><\/span><\/p><p><span style=\"color: #000000;\">Affiliate commissions will be paid via PayPal 30 days after the sale has been processed, minimum accumulated to receive payments: $500 USD in commissions.<\/span><\/p><p><span style=\"color: #000000;\">We reserve 100% the right to admit and exclude any affiliate or contributor who violates our terms and conditions as well as the community standards of third party platforms.<\/span><\/p>\t\t\t\t\t\t\t\t<\/div>\n\t\t\t\t<\/div>\n\t\t\t\t\t<\/div>\n\t\t<\/div>\n\t\t\t\t\t<\/div>\n\t\t<\/section>\n\t\t\t\t<section class=\"elementor-section elementor-top-section elementor-element elementor-element-2079be87 elementor-section-boxed elementor-section-height-default elementor-section-height-default\" data-id=\"2079be87\" data-element_type=\"section\" data-e-type=\"section\" data-settings=\"{&quot;background_background&quot;:&quot;classic&quot;}\">\n\t\t\t\t\t\t\t<div class=\"elementor-background-overlay\"><\/div>\n\t\t\t\t\t\t\t<div class=\"elementor-container elementor-column-gap-no\">\n\t\t\t\t\t<div class=\"elementor-column elementor-col-100 elementor-top-column elementor-element elementor-element-2223b0f0\" data-id=\"2223b0f0\" data-element_type=\"column\" data-e-type=\"column\">\n\t\t\t<div class=\"elementor-widget-wrap elementor-element-populated\">\n\t\t\t\t\t\t<div class=\"elementor-element elementor-element-7514e059 elementor-widget elementor-widget-heading\" data-id=\"7514e059\" data-element_type=\"widget\" data-e-type=\"widget\" data-widget_type=\"heading.default\">\n\t\t\t\t<div class=\"elementor-widget-container\">\n\t\t\t\t\t<h2 class=\"elementor-heading-title elementor-size-default\">Plan an unforgettable experience at Tan Resorts Marina Cap Cana today!\n<\/h2>\t\t\t\t<\/div>\n\t\t\t\t<\/div>\n\t\t\t\t<div class=\"elementor-element elementor-element-70c56487 elementor-widget elementor-widget-heading\" data-id=\"70c56487\" data-element_type=\"widget\" data-e-type=\"widget\" data-widget_type=\"heading.default\">\n\t\t\t\t<div class=\"elementor-widget-container\">\n\t\t\t\t\t<p class=\"elementor-heading-title elementor-size-default\">Get in touch now, our agents are waiting!<\/p>\t\t\t\t<\/div>\n\t\t\t\t<\/div>\n\t\t\t\t<div class=\"elementor-element elementor-element-76a466a6 elementor-align-center elementor-icon-list--layout-inline elementor-list-item-link-full_width elementor-widget elementor-widget-icon-list\" data-id=\"76a466a6\" data-element_type=\"widget\" data-e-type=\"widget\" data-widget_type=\"icon-list.default\">\n\t\t\t\t<div class=\"elementor-widget-container\">\n\t\t\t\t\t\t\t<ul class=\"elementor-icon-list-items elementor-inline-items\">\n\t\t\t\t\t\t\t<li class=\"elementor-icon-list-item elementor-inline-item\">\n\t\t\t\t\t\t\t\t\t\t\t<a href=\"https:\/\/wa.link\/moxqs0\">\n\n\t\t\t\t\t\t\t\t\t\t\t\t<span class=\"elementor-icon-list-icon\">\n\t\t\t\t\t\t\t<i aria-hidden=\"true\" class=\"fas fa-phone-alt\"><\/i>\t\t\t\t\t\t<\/span>\n\t\t\t\t\t\t\t\t\t\t<span class=\"elementor-icon-list-text\">WaTravelClub <\/span>\n\t\t\t\t\t\t\t\t\t\t\t<\/a>\n\t\t\t\t\t\t\t\t\t<\/li>\n\t\t\t\t\t\t<\/ul>\n\t\t\t\t\t\t<\/div>\n\t\t\t\t<\/div>\n\t\t\t\t<div class=\"elementor-element elementor-element-7290a24 elementor-shape-circle elementor-grid-0 e-grid-align-center elementor-widget elementor-widget-social-icons\" data-id=\"7290a24\" data-element_type=\"widget\" data-e-type=\"widget\" data-widget_type=\"social-icons.default\">\n\t\t\t\t<div class=\"elementor-widget-container\">\n\t\t\t\t\t\t\t<div class=\"elementor-social-icons-wrapper elementor-grid\" role=\"list\">\n\t\t\t\t\t\t\t<span class=\"elementor-grid-item\" role=\"listitem\">\n\t\t\t\t\t<a class=\"elementor-icon elementor-social-icon elementor-social-icon-facebook elementor-repeater-item-5601537\" href=\"https:\/\/www.facebook.com\/gettravelclubget\" target=\"_blank\">\n\t\t\t\t\t\t<span class=\"elementor-screen-only\">Facebook<\/span>\n\t\t\t\t\t\t<i aria-hidden=\"true\" class=\"fab fa-facebook\"><\/i>\t\t\t\t\t<\/a>\n\t\t\t\t<\/span>\n\t\t\t\t\t\t\t<span class=\"elementor-grid-item\" role=\"listitem\">\n\t\t\t\t\t<a class=\"elementor-icon elementor-social-icon elementor-social-icon-instagram elementor-repeater-item-20022cb\" href=\"https:\/\/instagram.com\/gettravelclub\" target=\"_blank\">\n\t\t\t\t\t\t<span class=\"elementor-screen-only\">Instagram<\/span>\n\t\t\t\t\t\t<i aria-hidden=\"true\" class=\"fab fa-instagram\"><\/i>\t\t\t\t\t<\/a>\n\t\t\t\t<\/span>\n\t\t\t\t\t\t\t<span class=\"elementor-grid-item\" role=\"listitem\">\n\t\t\t\t\t<a class=\"elementor-icon elementor-social-icon elementor-social-icon-tiktok elementor-repeater-item-054c8b5\" href=\"https:\/\/tiktok.com\/@gettravelclub\" target=\"_blank\">\n\t\t\t\t\t\t<span class=\"elementor-screen-only\">Tiktok<\/span>\n\t\t\t\t\t\t<i aria-hidden=\"true\" class=\"fab fa-tiktok\"><\/i>\t\t\t\t\t<\/a>\n\t\t\t\t<\/span>\n\t\t\t\t\t\t\t<span class=\"elementor-grid-item\" role=\"listitem\">\n\t\t\t\t\t<a class=\"elementor-icon elementor-social-icon elementor-social-icon-youtube elementor-repeater-item-abc3d9b\" href=\"https:\/\/youtube.com\/@gettravelclub\" target=\"_blank\">\n\t\t\t\t\t\t<span class=\"elementor-screen-only\">Youtube<\/span>\n\t\t\t\t\t\t<i aria-hidden=\"true\" class=\"fab fa-youtube\"><\/i>\t\t\t\t\t<\/a>\n\t\t\t\t<\/span>\n\t\t\t\t\t<\/div>\n\t\t\t\t\t\t<\/div>\n\t\t\t\t<\/div>\n\t\t\t\t<div class=\"elementor-element elementor-element-be3faa0 elementor-widget elementor-widget-heading\" data-id=\"be3faa0\" data-element_type=\"widget\" data-e-type=\"widget\" data-widget_type=\"heading.default\">\n\t\t\t\t<div class=\"elementor-widget-container\">\n\t\t\t\t\t<p class=\"elementor-heading-title elementor-size-small\">THIS ADVERTISING MATERIAL IS USED TO PROMOTE VACATION OWNERSHIP PROPERTIES as well as PARTICIPATION in programs that promote VACATION OWNERSHIP. <br><br>UTILIZAMOS SOCIAL MEDIA MARKETING Y RESERVAS AUTOMATIZADAS DE INSTAGRAM Y WHATSAPP, 100% SEGURAS Y F\u00c1CILES..<\/p>\t\t\t\t<\/div>\n\t\t\t\t<\/div>\n\t\t\t\t\t<\/div>\n\t\t<\/div>\n\t\t\t\t\t<\/div>\n\t\t<\/section>\n\t\t\t\t<\/div>","protected":false},"excerpt":{"rendered":"<p>T\u00e9rminos y condiciones \u00a0 &#8211; Este es un Programa Comercial de Marketing subsidiado para la Rep\u00fablica Dominicana y no es v\u00e1lido para aquellos pa\u00edses en los que sea prohibido por la ley. &#8211; Estaremos siempre dispuestos a proporcionar una visita a los proyectos vacacionales que representamos a todas las personas, sin embargo, el beneficiario de [&hellip;]<\/p>\n","protected":false},"author":1,"featured_media":0,"parent":0,"menu_order":0,"comment_status":"closed","ping_status":"closed","template":"","meta":{"site-sidebar-layout":"no-sidebar","site-content-layout":"page-builder","ast-site-content-layout":"default","site-content-style":"default","site-sidebar-style":"default","ast-global-header-display":"","ast-banner-title-visibility":"","ast-main-header-display":"","ast-hfb-above-header-display":"","ast-hfb-below-header-display":"","ast-hfb-mobile-header-display":"","site-post-title":"disabled","ast-breadcrumbs-content":"","ast-featured-img":"disabled","footer-sml-layout":"","ast-disable-related-posts":"","theme-transparent-header-meta":"enabled","adv-header-id-meta":"","stick-header-meta":"","header-above-stick-meta":"","header-main-stick-meta":"","header-below-stick-meta":"","astra-migrate-meta-layouts":"default","ast-page-background-enabled":"default","ast-page-background-meta":{"desktop":{"background-color":"","background-image":"","background-repeat":"repeat","background-position":"center center","background-size":"auto","background-attachment":"scroll","background-type":"","background-media":"","overlay-type":"","overlay-color":"","overlay-opacity":"","overlay-gradient":""},"tablet":{"background-color":"","background-image":"","background-repeat":"repeat","background-position":"center center","background-size":"auto","background-attachment":"scroll","background-type":"","background-media":"","overlay-type":"","overlay-color":"","overlay-opacity":"","overlay-gradient":""},"mobile":{"background-color":"","background-image":"","background-repeat":"repeat","background-position":"center center","background-size":"auto","background-attachment":"scroll","background-type":"","background-media":"","overlay-type":"","overlay-color":"","overlay-opacity":"","overlay-gradient":""}},"ast-content-background-meta":{"desktop":{"background-color":"var(--ast-global-color-5)","background-image":"","background-repeat":"repeat","background-position":"center center","background-size":"auto","background-attachment":"scroll","background-type":"","background-media":"","overlay-type":"","overlay-color":"","overlay-opacity":"","overlay-gradient":""},"tablet":{"background-color":"var(--ast-global-color-5)","background-image":"","background-repeat":"repeat","background-position":"center center","background-size":"auto","background-attachment":"scroll","background-type":"","background-media":"","overlay-type":"","overlay-color":"","overlay-opacity":"","overlay-gradient":""},"mobile":{"background-color":"var(--ast-global-color-5)","background-image":"","background-repeat":"repeat","background-position":"center center","background-size":"auto","background-attachment":"scroll","background-type":"","background-media":"","overlay-type":"","overlay-color":"","overlay-opacity":"","overlay-gradient":""}},"footnotes":""},"wf_page_folders":[33],"class_list":["post-601","page","type-page","status-publish","hentry"],"_links":{"self":[{"href":"https:\/\/gettravelclub.com\/en\/wp-json\/wp\/v2\/pages\/601","targetHints":{"allow":["GET"]}}],"collection":[{"href":"https:\/\/gettravelclub.com\/en\/wp-json\/wp\/v2\/pages"}],"about":[{"href":"https:\/\/gettravelclub.com\/en\/wp-json\/wp\/v2\/types\/page"}],"author":[{"embeddable":true,"href":"https:\/\/gettravelclub.com\/en\/wp-json\/wp\/v2\/users\/1"}],"replies":[{"embeddable":true,"href":"https:\/\/gettravelclub.com\/en\/wp-json\/wp\/v2\/comments?post=601"}],"version-history":[{"count":112,"href":"https:\/\/gettravelclub.com\/en\/wp-json\/wp\/v2\/pages\/601\/revisions"}],"predecessor-version":[{"id":3675,"href":"https:\/\/gettravelclub.com\/en\/wp-json\/wp\/v2\/pages\/601\/revisions\/3675"}],"wp:attachment":[{"href":"https:\/\/gettravelclub.com\/en\/wp-json\/wp\/v2\/media?parent=601"}],"wp:term":[{"taxonomy":"wf_page_folders","embeddable":true,"href":"https:\/\/gettravelclub.com\/en\/wp-json\/wp\/v2\/wf_page_folders?post=601"}],"curies":[{"name":"wp","href":"https:\/\/api.w.org\/{rel}","templated":true}]}}