{"id":1374,"date":"2023-05-12T07:35:28","date_gmt":"2023-05-12T11:35:28","guid":{"rendered":"https:\/\/gettravelclub.com\/?page_id=1374"},"modified":"2025-11-12T20:15:59","modified_gmt":"2025-11-13T00:15:59","slug":"preguntas-frecuentes","status":"publish","type":"page","link":"https:\/\/gettravelclub.com\/en\/preguntas-frecuentes\/","title":{"rendered":"FAQ's"},"content":{"rendered":"<div data-elementor-type=\"wp-page\" data-elementor-id=\"1374\" class=\"elementor elementor-1374\" data-elementor-post-type=\"page\">\n\t\t\t\t\t\t<section class=\"elementor-section elementor-top-section elementor-element elementor-element-be17ba7 elementor-section-boxed elementor-section-height-default elementor-section-height-default\" data-id=\"be17ba7\" data-element_type=\"section\" data-e-type=\"section\" data-settings=\"{&quot;background_background&quot;:&quot;classic&quot;}\">\n\t\t\t\t\t\t\t<div class=\"elementor-background-overlay\"><\/div>\n\t\t\t\t\t\t\t<div class=\"elementor-container elementor-column-gap-default\">\n\t\t\t\t\t<div class=\"elementor-column elementor-col-100 elementor-top-column elementor-element elementor-element-4ee5b36\" data-id=\"4ee5b36\" data-element_type=\"column\" data-e-type=\"column\">\n\t\t\t<div class=\"elementor-widget-wrap elementor-element-populated\">\n\t\t\t\t\t\t<div class=\"elementor-element elementor-element-b707b08 elementor-widget elementor-widget-heading\" data-id=\"b707b08\" data-element_type=\"widget\" data-e-type=\"widget\" data-widget_type=\"heading.default\">\n\t\t\t\t<div class=\"elementor-widget-container\">\n\t\t\t\t\t<h1 class=\"elementor-heading-title elementor-size-default\">FAQ's<\/h1>\t\t\t\t<\/div>\n\t\t\t\t<\/div>\n\t\t\t\t<div class=\"elementor-element elementor-element-5915bb4 elementor-widget elementor-widget-text-editor\" data-id=\"5915bb4\" data-element_type=\"widget\" data-e-type=\"widget\" data-widget_type=\"text-editor.default\">\n\t\t\t\t<div class=\"elementor-widget-container\">\n\t\t\t\t\t\t\t\t\t<p><strong>Take a look at the questions our customers regularly ask before purchasing their Vacation Certificate.<\/strong><\/p>\t\t\t\t\t\t\t\t<\/div>\n\t\t\t\t<\/div>\n\t\t\t\t\t<\/div>\n\t\t<\/div>\n\t\t\t\t\t<\/div>\n\t\t<\/section>\n\t\t\t\t<section class=\"elementor-section elementor-top-section elementor-element elementor-element-1dbd070 elementor-section-boxed elementor-section-height-default elementor-section-height-default\" data-id=\"1dbd070\" data-element_type=\"section\" data-e-type=\"section\">\n\t\t\t\t\t\t<div class=\"elementor-container elementor-column-gap-default\">\n\t\t\t\t\t<div class=\"elementor-column elementor-col-100 elementor-top-column elementor-element elementor-element-7e535b1\" data-id=\"7e535b1\" data-element_type=\"column\" data-e-type=\"column\">\n\t\t\t<div class=\"elementor-widget-wrap elementor-element-populated\">\n\t\t\t\t\t\t<div class=\"elementor-element elementor-element-fae5f7a elementor-widget elementor-widget-text-editor\" data-id=\"fae5f7a\" data-element_type=\"widget\" data-e-type=\"widget\" data-widget_type=\"text-editor.default\">\n\t\t\t\t<div class=\"elementor-widget-container\">\n\t\t\t\t\t\t\t\t\t<h4>\u00a0<\/h4><h4><span style=\"color: #000000;\"><b>What is this promotion about?<\/b><\/span><\/h4><p>This is a sponsored marketing promotion to learn about the exclusive Sports Illustrated Resorts Marina &amp; Villas Cap Cana hotel and the benefits offered by its Travel Club.<\/p><h4><span style=\"color: #000000;\"><strong>What does the promotion include?<\/strong><\/span><\/h4><p>Vacation Certificate:<\/p><p>\u2013 Accommodation at Tan Resorts Marina Cap Cana: 5 days and 4 nights for 2 adults and up to 2 children under 13 years old.<\/p><p>- All Inclusive Hotel nights.<\/p><p>- This promotion does NOT include airfare to the destination or any other type of transportation.<\/p><h4><span style=\"color: #000000;\"><strong>Can I travel with my partner if I am not married and have no children?<\/strong><\/span><\/h4><p>Absolutely Yes, you just have to prove that you live together.<\/p><h4><span style=\"color: #000000;\"><b>Do I have to pay any other fees?<\/b><\/span><\/h4><p>Yes, $35 USD per room\/night resort fee upon arrival at the hotel.<\/p><h4><span style=\"color: #000000;\"><b>Is it about Time Share?<\/b><\/span><\/h4><p>Absolutely NO,<\/p><p>Vacation ownership offers a friendly concept, very easy to understand and apply, above all transparent and credible to make your vacation simply EPIC. As a travel option we recommend it 100%.<\/p><h4><span style=\"color: #000000;\"><b>If I attend the presentation, is it mandatory to purchase a product from the travel club?<\/b><\/span><\/h4><p>Absolutely NO,<\/p><p>Such decision is at your sole discretion.<\/p><h4><span style=\"color: #000000;\"><b>What are the benefits of purchasing this promotion?<\/b><\/span><\/h4><p>Besides a great tranquility and peace of mind:<\/p><p><b><\/b>We check availability in RECORD TIME.<\/p><p>We hand deliver your reservation.<\/p><p>3. You have 1 year to activate and use your Vacation Certificate without price variations.<\/p><p>30 days guarantee of quality in our service.<\/p><p>No seasonal restrictions, travel at any time of the year.<\/p><p>Up to 85% less than the regular hotel rate.<\/p><h4><span style=\"color: #000000;\"><strong>What are the requirements to be eligible for this promotion?<\/strong><\/span><\/h4><p>- Be between 30-70 years of age.<\/p><p>- Be married or in a domestic partnership (verifiable).<\/p><p>- Valid ID, passport or driver's license.<\/p><p>- Current and valid international credit card.<\/p><p>&#8211; <strong>Attend a promotional talk the day after arrival at the hotel with a minimum duration of 90\u2032.<\/strong>.<\/p><h4><span style=\"color: #000000;\"><strong>When can I travel?<\/strong><\/span><\/h4><p>You have a time window of 1 year to make use of the Vacation Certificate. In case you need an extension, you can consult terms and conditions.<\/p><h4><span style=\"color: #000000;\"><b>Do you have a money back guarantee?<\/b><\/span><\/h4><p>If, for any reason, you are not completely satisfied with any product or service provided by <strong>\ud835\udc13\ud835\udc2b\ud835\udc1a\ud835\udc2f\ud835\udc1e\ud835\udc25 Club<\/strong>, Please feel free to contact us and we will discuss any problems you are having with our product.<\/p><p>Please take into account:<\/p><p>1. Vague information on the web page.<\/p><p>2. Vague information from one of our representatives.<\/p><p>3. Prices outside the offer published on this website.<\/p><p>4. Inappropriate treatment for any reason whatsoever by any of our representatives.<\/p><p>5. Poor communication at the time of confirming your reservation.<\/p><p>We give you a 30 days guarantee, to contact us and ask for a refund.<\/p><p>Please do not hesitate to contact us and we will gladly communicate with you to discuss any problems you are having with our product\/service and if applicable we will initiate the process to refund your money.<\/p><p>You can contact us by writing to <span style=\"color: #34a4f5;\"><a style=\"color: #34a4f5;\" href=\"mailto:clientsupport@gettravelclub.com\">csupport@gettravelclub.com<\/a><\/span><\/p>\t\t\t\t\t\t\t\t<\/div>\n\t\t\t\t<\/div>\n\t\t\t\t\t<\/div>\n\t\t<\/div>\n\t\t\t\t\t<\/div>\n\t\t<\/section>\n\t\t\t\t<section class=\"elementor-section elementor-top-section elementor-element elementor-element-b79550d elementor-section-boxed elementor-section-height-default elementor-section-height-default\" data-id=\"b79550d\" data-element_type=\"section\" data-e-type=\"section\" data-settings=\"{&quot;background_background&quot;:&quot;classic&quot;}\">\n\t\t\t\t\t\t\t<div class=\"elementor-background-overlay\"><\/div>\n\t\t\t\t\t\t\t<div class=\"elementor-container elementor-column-gap-no\">\n\t\t\t\t\t<div class=\"elementor-column elementor-col-100 elementor-top-column elementor-element elementor-element-46610bb\" data-id=\"46610bb\" data-element_type=\"column\" data-e-type=\"column\">\n\t\t\t<div class=\"elementor-widget-wrap elementor-element-populated\">\n\t\t\t\t\t\t<div class=\"elementor-element elementor-element-e4cbc42 elementor-widget elementor-widget-heading\" data-id=\"e4cbc42\" data-element_type=\"widget\" data-e-type=\"widget\" data-widget_type=\"heading.default\">\n\t\t\t\t<div class=\"elementor-widget-container\">\n\t\t\t\t\t<h2 class=\"elementor-heading-title elementor-size-default\">Plan an unforgettable experience at Tan Resorts Marina Cap Cana today!\n<\/h2>\t\t\t\t<\/div>\n\t\t\t\t<\/div>\n\t\t\t\t<div class=\"elementor-element elementor-element-702ff58 elementor-widget elementor-widget-heading\" data-id=\"702ff58\" data-element_type=\"widget\" data-e-type=\"widget\" data-widget_type=\"heading.default\">\n\t\t\t\t<div class=\"elementor-widget-container\">\n\t\t\t\t\t<p class=\"elementor-heading-title elementor-size-default\">DO YOU HAVE QUESTIONS? OUR AGENTS ARE WAITING!<\/p>\t\t\t\t<\/div>\n\t\t\t\t<\/div>\n\t\t\t\t<div class=\"elementor-element elementor-element-442e4ac elementor-align-center elementor-icon-list--layout-inline elementor-list-item-link-full_width elementor-widget elementor-widget-icon-list\" data-id=\"442e4ac\" data-element_type=\"widget\" data-e-type=\"widget\" data-widget_type=\"icon-list.default\">\n\t\t\t\t<div class=\"elementor-widget-container\">\n\t\t\t\t\t\t\t<ul class=\"elementor-icon-list-items elementor-inline-items\">\n\t\t\t\t\t\t\t<li class=\"elementor-icon-list-item elementor-inline-item\">\n\t\t\t\t\t\t\t\t\t\t\t<a href=\"https:\/\/wa.link\/moxqs0\">\n\n\t\t\t\t\t\t\t\t\t\t\t\t<span class=\"elementor-icon-list-icon\">\n\t\t\t\t\t\t\t<i aria-hidden=\"true\" class=\"fas fa-phone-alt\"><\/i>\t\t\t\t\t\t<\/span>\n\t\t\t\t\t\t\t\t\t\t<span class=\"elementor-icon-list-text\">Wa\ud835\udc13\ud835\udc2b\ud835\udc1a\ud835\udc2f\ud835\udc1e\ud835\udc25Club <\/span>\n\t\t\t\t\t\t\t\t\t\t\t<\/a>\n\t\t\t\t\t\t\t\t\t<\/li>\n\t\t\t\t\t\t<\/ul>\n\t\t\t\t\t\t<\/div>\n\t\t\t\t<\/div>\n\t\t\t\t<div class=\"elementor-element elementor-element-3ecb3ef elementor-shape-circle elementor-grid-0 e-grid-align-center elementor-widget elementor-widget-social-icons\" data-id=\"3ecb3ef\" data-element_type=\"widget\" data-e-type=\"widget\" data-widget_type=\"social-icons.default\">\n\t\t\t\t<div class=\"elementor-widget-container\">\n\t\t\t\t\t\t\t<div class=\"elementor-social-icons-wrapper elementor-grid\" role=\"list\">\n\t\t\t\t\t\t\t<span class=\"elementor-grid-item\" role=\"listitem\">\n\t\t\t\t\t<a class=\"elementor-icon elementor-social-icon elementor-social-icon-facebook elementor-repeater-item-5601537\" href=\"https:\/\/www.facebook.com\/gettravelclubget\" target=\"_blank\">\n\t\t\t\t\t\t<span class=\"elementor-screen-only\">Facebook<\/span>\n\t\t\t\t\t\t<i aria-hidden=\"true\" class=\"fab fa-facebook\"><\/i>\t\t\t\t\t<\/a>\n\t\t\t\t<\/span>\n\t\t\t\t\t\t\t<span class=\"elementor-grid-item\" role=\"listitem\">\n\t\t\t\t\t<a class=\"elementor-icon elementor-social-icon elementor-social-icon-instagram elementor-repeater-item-20022cb\" href=\"https:\/\/instagram.com\/gettravelclub\" target=\"_blank\">\n\t\t\t\t\t\t<span class=\"elementor-screen-only\">Instagram<\/span>\n\t\t\t\t\t\t<i aria-hidden=\"true\" class=\"fab fa-instagram\"><\/i>\t\t\t\t\t<\/a>\n\t\t\t\t<\/span>\n\t\t\t\t\t\t\t<span class=\"elementor-grid-item\" role=\"listitem\">\n\t\t\t\t\t<a class=\"elementor-icon elementor-social-icon elementor-social-icon-tiktok elementor-repeater-item-054c8b5\" href=\"https:\/\/tiktok.com\/@gettravelclub\" target=\"_blank\">\n\t\t\t\t\t\t<span class=\"elementor-screen-only\">Tiktok<\/span>\n\t\t\t\t\t\t<i aria-hidden=\"true\" class=\"fab fa-tiktok\"><\/i>\t\t\t\t\t<\/a>\n\t\t\t\t<\/span>\n\t\t\t\t\t\t\t<span class=\"elementor-grid-item\" role=\"listitem\">\n\t\t\t\t\t<a class=\"elementor-icon elementor-social-icon elementor-social-icon-youtube elementor-repeater-item-abc3d9b\" href=\"https:\/\/youtube.com\/@gettravelclub\" target=\"_blank\">\n\t\t\t\t\t\t<span class=\"elementor-screen-only\">Youtube<\/span>\n\t\t\t\t\t\t<i aria-hidden=\"true\" class=\"fab fa-youtube\"><\/i>\t\t\t\t\t<\/a>\n\t\t\t\t<\/span>\n\t\t\t\t\t<\/div>\n\t\t\t\t\t\t<\/div>\n\t\t\t\t<\/div>\n\t\t\t\t<div class=\"elementor-element elementor-element-89ea1df elementor-widget elementor-widget-heading\" data-id=\"89ea1df\" data-element_type=\"widget\" data-e-type=\"widget\" data-widget_type=\"heading.default\">\n\t\t\t\t<div class=\"elementor-widget-container\">\n\t\t\t\t\t<p class=\"elementor-heading-title elementor-size-default\">THIS ADVERTISING MATERIAL IS USED TO PROMOTE VACATION OWNERSHIP PROPERTIES AS WELL AS PARTICIPATION IN PROGRAMS THAT PROMOTE VACATION OWNERSHIP.<\/p>\t\t\t\t<\/div>\n\t\t\t\t<\/div>\n\t\t\t\t\t<\/div>\n\t\t<\/div>\n\t\t\t\t\t<\/div>\n\t\t<\/section>\n\t\t\t\t<\/div>","protected":false},"excerpt":{"rendered":"<p>Preguntas frecuentes Dale una mirada a las preguntas que regularmente hacen nuestros clientes antes de adquirir su Certificado de Vacaciones. \u00a0 De qu\u00e9 se trata esta promoci\u00f3n? Se trata de una promoci\u00f3n de marketing auspiciada para conocer el exclusivo hotel Sports Illustrated Resorts Marina &amp; Villas Cap Cana y los beneficios que ofrece su Club [&hellip;]<\/p>\n","protected":false},"author":1,"featured_media":0,"parent":0,"menu_order":0,"comment_status":"closed","ping_status":"closed","template":"","meta":{"site-sidebar-layout":"no-sidebar","site-content-layout":"page-builder","ast-site-content-layout":"default","site-content-style":"default","site-sidebar-style":"default","ast-global-header-display":"","ast-banner-title-visibility":"","ast-main-header-display":"","ast-hfb-above-header-display":"","ast-hfb-below-header-display":"","ast-hfb-mobile-header-display":"","site-post-title":"disabled","ast-breadcrumbs-content":"","ast-featured-img":"disabled","footer-sml-layout":"","ast-disable-related-posts":"","theme-transparent-header-meta":"enabled","adv-header-id-meta":"","stick-header-meta":"","header-above-stick-meta":"","header-main-stick-meta":"","header-below-stick-meta":"","astra-migrate-meta-layouts":"default","ast-page-background-enabled":"default","ast-page-background-meta":{"desktop":{"background-color":"","background-image":"","background-repeat":"repeat","background-position":"center center","background-size":"auto","background-attachment":"scroll","background-type":"","background-media":"","overlay-type":"","overlay-color":"","overlay-opacity":"","overlay-gradient":""},"tablet":{"background-color":"","background-image":"","background-repeat":"repeat","background-position":"center center","background-size":"auto","background-attachment":"scroll","background-type":"","background-media":"","overlay-type":"","overlay-color":"","overlay-opacity":"","overlay-gradient":""},"mobile":{"background-color":"","background-image":"","background-repeat":"repeat","background-position":"center center","background-size":"auto","background-attachment":"scroll","background-type":"","background-media":"","overlay-type":"","overlay-color":"","overlay-opacity":"","overlay-gradient":""}},"ast-content-background-meta":{"desktop":{"background-color":"var(--ast-global-color-5)","background-image":"","background-repeat":"repeat","background-position":"center center","background-size":"auto","background-attachment":"scroll","background-type":"","background-media":"","overlay-type":"","overlay-color":"","overlay-opacity":"","overlay-gradient":""},"tablet":{"background-color":"var(--ast-global-color-5)","background-image":"","background-repeat":"repeat","background-position":"center center","background-size":"auto","background-attachment":"scroll","background-type":"","background-media":"","overlay-type":"","overlay-color":"","overlay-opacity":"","overlay-gradient":""},"mobile":{"background-color":"var(--ast-global-color-5)","background-image":"","background-repeat":"repeat","background-position":"center center","background-size":"auto","background-attachment":"scroll","background-type":"","background-media":"","overlay-type":"","overlay-color":"","overlay-opacity":"","overlay-gradient":""}},"footnotes":""},"wf_page_folders":[33],"class_list":["post-1374","page","type-page","status-publish","hentry"],"_links":{"self":[{"href":"https:\/\/gettravelclub.com\/en\/wp-json\/wp\/v2\/pages\/1374","targetHints":{"allow":["GET"]}}],"collection":[{"href":"https:\/\/gettravelclub.com\/en\/wp-json\/wp\/v2\/pages"}],"about":[{"href":"https:\/\/gettravelclub.com\/en\/wp-json\/wp\/v2\/types\/page"}],"author":[{"embeddable":true,"href":"https:\/\/gettravelclub.com\/en\/wp-json\/wp\/v2\/users\/1"}],"replies":[{"embeddable":true,"href":"https:\/\/gettravelclub.com\/en\/wp-json\/wp\/v2\/comments?post=1374"}],"version-history":[{"count":67,"href":"https:\/\/gettravelclub.com\/en\/wp-json\/wp\/v2\/pages\/1374\/revisions"}],"predecessor-version":[{"id":3687,"href":"https:\/\/gettravelclub.com\/en\/wp-json\/wp\/v2\/pages\/1374\/revisions\/3687"}],"wp:attachment":[{"href":"https:\/\/gettravelclub.com\/en\/wp-json\/wp\/v2\/media?parent=1374"}],"wp:term":[{"taxonomy":"wf_page_folders","embeddable":true,"href":"https:\/\/gettravelclub.com\/en\/wp-json\/wp\/v2\/wf_page_folders?post=1374"}],"curies":[{"name":"wp","href":"https:\/\/api.w.org\/{rel}","templated":true}]}}